{"id":525,"date":"2025-02-04T21:42:07","date_gmt":"2025-02-04T21:42:07","guid":{"rendered":"https:\/\/businesspodcastsummit.com\/?page_id=525"},"modified":"2025-02-05T19:10:56","modified_gmt":"2025-02-05T19:10:56","slug":"finalizar-compra","status":"publish","type":"page","link":"https:\/\/businesspodcastsummit.com\/index.php\/finalizar-compra\/","title":{"rendered":"Finalizar compra"},"content":{"rendered":"\t\t<div data-elementor-type=\"wp-page\" data-elementor-id=\"525\" class=\"elementor elementor-525\" data-elementor-post-type=\"page\">\n\t\t\t\t<div class=\"elementor-element elementor-element-09db369 e-flex e-con-boxed wpr-particle-no wpr-jarallax-no wpr-parallax-no wpr-sticky-section-no e-con e-parent\" data-id=\"09db369\" data-element_type=\"container\">\n\t\t\t\t\t<div class=\"e-con-inner\">\n\t\t\t\t<div class=\"elementor-element elementor-element-aaea230 e-checkout-layout-two-column elementor-widget elementor-widget-woocommerce-checkout-page\" data-id=\"aaea230\" data-element_type=\"widget\" data-widget_type=\"woocommerce-checkout-page.default\">\n\t\t\t\t<div class=\"elementor-widget-container\">\n\t\t\t\t\t<div class=\"woocommerce\"><\/div>\t\t\t\t<\/div>\n\t\t\t\t<\/div>\n\t\t\t\t\t<\/div>\n\t\t\t\t<\/div>\n\t\t\t\t<\/div>\n\t\t","protected":false},"excerpt":{"rendered":"<p>Detalhes do Cliente Nome&nbsp;* Apelido&nbsp;* Pa\u00eds \/ Regi\u00e3o&nbsp;*Seleccione um pa\u00eds \/ regi\u00e3o&hellip;Afeganist\u00e3o\u00c1frica do Sul\u00c5land IslandsAlb\u00e2niaAlemanhaAndorraAngolaAnguilaAnt\u00e1rctidaAnt\u00edgua e BarbudaAr\u00e1bia SauditaArg\u00e9liaArgentinaArm\u00e9niaArubaAustr\u00e1lia\u00c1ustriaAzerbaij\u00e3oBahamasBahreinBangladeshBarbadosBelauB\u00e9lgicaBelizeBenimBermudasBielorr\u00fassiaBol\u00edviaBonaire, Saint Eustatius e SabaB\u00f3snia e HerzegovinaBotsuanaBrasilBruneiBulg\u00e1riaBurquina FasoBurundiBut\u00e3oCabo VerdeCamar\u00f5esCambojaCanad\u00e1CatarCazaquist\u00e3oChadeCh\u00e9quiaChileChinaChipreCol\u00f4mbiaComoresComunidade das Ilhas Marianas SetentrionaisCongo (Brazzaville)Congo (Kinshasa)Coreia do NorteCoreia do SulCosta do MarfimCosta RicaCro\u00e1ciaCubaCura&ccedil;aoDinamarcaDom\u00ednicaEgitoEmirados \u00c1rabes UnidosEquadorEritreiaEslov\u00e1quiaEslov\u00e9niaEspanhaEstados Unidos (US)Est\u00f3niaEswatiniEti\u00f3piaFaro\u00e9FijiFilipinasFinl\u00e2ndiaFran\u00e7aGab\u00e3oG\u00e2mbiaGanaGe\u00f3rgiaGibraltarGranadaGr\u00e9ciaGronel\u00e2ndiaGuadalupeGuamGuatemalaGuerneseyGuianaGuiana FrancesaGuin\u00e9Guin\u00e9 EquatorialGuin\u00e9-BissauHaitiHondurasHong KongHungriaI\u00e9menIlha BouvetIlha de ManIlha do NatalIlha Heard e Ilhas McDonaldIlha NorfolkIlhas Caim\u00e3oIlhas CookIlhas dos CocosIlhas FalklandIlhas Ge\u00f3rgia do Sul e Sandwich do SulIlhas MarshallIlhas Menores Distantes dos Estados UnidosIlhas PitcairnIlhas Salom\u00e3oIlhas Turcas e Caicos\u00cdndiaIndon\u00e9siaIr\u00e3oIraqueIrlandaIsl\u00e2ndiaIsraelIt\u00e1liaJamaicaJap\u00e3oJerseyJibutiJord\u00e2niaKoweitLaosLesotoLet\u00f3niaL\u00edbanoLib\u00e9riaL\u00edbiaListenstaineLitu\u00e2niaLuxemburgoMacauMadag\u00e1scarMaioteMal\u00e1siaMal\u00e1uiMaldivasMaliMaltaMarrocosMartinicaMaur\u00edciaMaurit\u00e2niaM\u00e9xicoMianmar\/Birm\u00e2niaMicron\u00e9siaMo\u00e7ambiqueMold\u00e1viaM\u00f3nacoMong\u00f3liaMonserrateMontenegroNam\u00edbiaNauruNepalNicar\u00e1guaN\u00edgerNig\u00e9riaNiu\u00eaNorth MacedoniaNoruegaNova Caled\u00f3niaNova Zel\u00e2ndiaOm\u00e3Pa\u00edses BaixosPanam\u00e1Papua-Nova Guin\u00e9Paquist\u00e3oParaguaiPeruPolin\u00e9sia FrancesaPol\u00f3niaPorto RicoPortugalQu\u00e9niaQuirguist\u00e3oQuirib\u00e1tiReino Unido (UK)Rep\u00fablica Centro-AfricanaRep\u00fablica DominicanaReuni\u00e3oRom\u00e9niaRuandaR\u00fassiaS&atilde;o Tom&eacute; e Pr&iacute;ncipeSalvadorSamoaSamoa AmericanaSanta HelenaSanta L\u00faciaS\u00e3o BartolomeuS\u00e3o Crist\u00f3v\u00e3o e NevesS\u00e3o MarinhoS\u00e3o MartinhoS\u00e3o Martinho (Antilhas Holandesas)S\u00e3o Pedro e Miquel\u00e3oS\u00e3o Vicente e GranadinasSara OcidentalSeichelesSenegalSerra LeoaS\u00e9rviaSingapuraS\u00edriaSom\u00e1liaSri LancaSud\u00e3oSud\u00e3o do SulSu\u00e9ciaSu\u00ed\u00e7aSurinameSvalbard e Jan MayenTail\u00e2ndiaTaiwanTajiquist\u00e3oTanz\u00e2niaTerras Austrais e Ant\u00e1rticas FrancesasTerrit\u00f3rio Brit\u00e2nico do Oceano \u00cdndicoTerrit\u00f3rio PalestinianoTimor-LesteTogoTongaToquelauTrindade e TobagoTun\u00edsiaTurquemenist\u00e3oTurquiaTuvaluUcr\u00e2niaUgandaUruguaiUsbequist\u00e3oVanuatuVaticanoVenezuelaVietnameVirgin Islands (British)Virgin Islands (US)Wallis e FutunaZ\u00e2mbiaZimbabu\u00e9Actualizar pa\u00eds \/ regi\u00e3o Morada&nbsp;* Localidade&nbsp;* Distrito \/ Munic\u00edpio&nbsp;(opcional) C\u00f3digo postal&nbsp;* Email&nbsp;* Contribuinte&nbsp;* Sim, quero receber exclus\u00edvo e dicas sobre podcast!&nbsp;(opcional) Encomenda Produto Subtotal Business Podcast Summit 25&nbsp; &times;&nbsp;1 47,00&nbsp;&euro; Subtotal 47,00&nbsp;&euro; Total 47,00&nbsp;&euro; (inclui 8,79&nbsp;&euro; IVA) Tem um cup\u00e3o? Clique aqui para introduzi-lo. Se tiver um cup\u00e3o, introduza-o aqui. Aplicar Transfer\u00eancia Banc\u00e1ria Efectue o seu pagamento por transfer\u00eancia banc\u00e1ria ou dep\u00f3sito directo na nossa conta. Por favor indique o n.\u00ba da encomenda como refer\u00eancia da transfer\u00eancia ou dep\u00f3sito. A sua encomenda n\u00e3o ser\u00e1 enviada at\u00e9 confirma\u00e7\u00e3o do montante na nossa conta. Multibanco \u201cPagamento de Servi\u00e7os\u201d, com entidade e refer\u00eancia, em qualquer caixa Multibanco ou atrav\u00e9s do seu servi\u00e7o de homebanking. (Apenas dispon\u00edvel para clientes de bancos portugueses &#8211; Servi\u00e7o de pagamento prestado pela ifthenpay) MB WAY Pagamento simples, utilizando o \u201cMB WAY\u201d no seu telem\u00f3vel. (Apenas dispon\u00edvel para clientes de bancos portugueses com a app MB WAY instalada &#8211; Servi\u00e7o de pagamento prestado pela ifthenpay) O seu n\u00famero de telem\u00f3vel associado ao MB WAY * Cart\u00e3o de cr\u00e9dito ou d\u00e9bito Pagamento simples utilizando um cart\u00e3o de cr\u00e9dito ou d\u00e9bito. (Servi\u00e7o de pagamento prestado pela ifthenpay.) Dado que o seu navegador n\u00e3o suporta JavaScript ou est\u00e1 desactivado, por favor clique no bot\u00e3o Actualizar totais antes de finalizar a sua encomenda. Se n\u00e3o o fizer, pode pagar mais do que o valor acima indicado. Actualizar Os seus dados pessoais ser\u00e3o utilizados para processar a sua encomenda, para melhorar a sua experi\u00eancia em toda a loja e para os prop\u00f3sitos descritos na nossa Pol\u00edtica de privacidade. Termos e Condi\u00e7\u00f5es Os presentes Termos e Condi\u00e7\u00f5es estabelecem as regras de acesso e utiliza\u00e7\u00e3o da p\u00e1gina Escola Portuguesa de Podcasting, que \u00e9 propriedade da empresa EPTP \u2013 ESCOLA PORTUGUESA DE PODCASTING, UNIPESSOAL LDA, pessoa coletiva n\u00ba 517 355 418, sediada em:Avenida Principal, n\u00ba 52A \u2013 Casais da Serra2665-305 Milharado Contatos:liliana@escolaportuguesadepodcasting.com918 974 265 Informa\u00e7\u00e3o pr\u00e9-contratual:Antes da conclus\u00e3o do contrato de venda, comprometemo-nos a fornecer informa\u00e7\u00f5es claras e completas sobre os produtos ou servi\u00e7os dispon\u00edveis na nossa loja online, incluindo caracter\u00edsticas essenciais, pre\u00e7os, formas de pagamento e entrega, prazos de execu\u00e7\u00e3o do contrato e eventuais custos adicionais. Direito de livre resolu\u00e7\u00e3o:Reconhecemos o direito dos nossos clientes de desistir do contrato de compra, sem penaliza\u00e7\u00e3o e sem necessidade de indicar o motivo, no prazo de 14 dias a contar do dia seguinte ao da rece\u00e7\u00e3o do produto ou celebra\u00e7\u00e3o do contrato de presta\u00e7\u00e3o de servi\u00e7os. Condi\u00e7\u00f5es de venda:As condi\u00e7\u00f5es gerais de venda est\u00e3o dispon\u00edveis para consulta pr\u00e9via pelos nossos clientes, incluindo as informa\u00e7\u00f5es sobre formas de pagamento, entrega, execu\u00e7\u00e3o do contrato, garantias e pol\u00edticas de devolu\u00e7\u00e3o. Confirma\u00e7\u00e3o de encomendas:Ap\u00f3s a realiza\u00e7\u00e3o da encomenda, enviamos uma confirma\u00e7\u00e3o por e-amil, contendo todas as informa\u00e7\u00f5es relevantes do contrato, como descri\u00e7\u00e3o dos produtos ou servi\u00e7os, pre\u00e7os, condi\u00e7\u00f5es de pagamento e entrega. Pre\u00e7os e taxas:Os pre\u00e7os apresentados na nossa loja online s\u00e3o claros e inequ\u00edvocos, incluindo todos os encargos adicionais, como impostos e taxas de entrega. Quaisquer altera\u00e7\u00f5es de pre\u00e7o ser\u00e3o comunicadas de forma transparente aos nossos clientes. Meios de pagamento:Disponibilizamos diversas formas de pagamento aos nossos clientes, incluindo cart\u00e3o de cr\u00e9dito, transfer\u00eancia banc\u00e1ria, MBWay e refer\u00eancia multibanco, para garantir uma maior comodidade e flexibilidade na compra. Prote\u00e7\u00e3o de dados pessoais:Comprometemo-nos a garantir a seguran\u00e7a e confidencialidade dos dados pessoais dos nossos clientes, em conformidade com a legisla\u00e7\u00e3o de prote\u00e7\u00e3o de dados em vigor, utilizando medidas t\u00e9cnicas e organizativas adequadas para prevenir o acesso n\u00e3o autorizado ou utiliza\u00e7\u00e3o indevida dos dados. Livro de reclama\u00e7\u00f5es:https:\/\/www.livroreclamacoes.pt\/inicio Resolu\u00e7\u00e3o alternativa de lit\u00edgios de consumo:Ao abrigo da Lei n.\u00ba 144\/2015, o consumidor pode recorrer a uma Entidade de Resolu\u00e7\u00e3o Alternativa de Lit\u00edgios de consumo, neste caso: CICAP \u2013 Tribunal Arbitral de Consumo \u2013 www.cicap.pt D\u00favidas:Caso o utilizador tenha alguma d\u00favida acerca dos Termos e Condi\u00e7\u00f5es aqui estabelecidos, deve enviar e-mail para liliana@escolaportuguesadepodcasting.com Ao utilizar os nossos servi\u00e7os, os clientes aceitam e concordam com os presentes Termos e Condi\u00e7\u00f5es, comprometendo-se a respeitar as disposi\u00e7\u00f5es aqui estabelecidas. \u00daltima actualiza\u00e7\u00e3o: 22 de Abril de 2024 Concordo com os termos e condi\u00e7\u00f5es.&nbsp;* Finalizar encomenda<\/p>\n","protected":false},"author":4,"featured_media":0,"parent":0,"menu_order":0,"comment_status":"closed","ping_status":"closed","template":"elementor_canvas","meta":{"footnotes":""},"class_list":["post-525","page","type-page","status-publish","hentry"],"_links":{"self":[{"href":"https:\/\/businesspodcastsummit.com\/index.php\/wp-json\/wp\/v2\/pages\/525","targetHints":{"allow":["GET"]}}],"collection":[{"href":"https:\/\/businesspodcastsummit.com\/index.php\/wp-json\/wp\/v2\/pages"}],"about":[{"href":"https:\/\/businesspodcastsummit.com\/index.php\/wp-json\/wp\/v2\/types\/page"}],"author":[{"embeddable":true,"href":"https:\/\/businesspodcastsummit.com\/index.php\/wp-json\/wp\/v2\/users\/4"}],"replies":[{"embeddable":true,"href":"https:\/\/businesspodcastsummit.com\/index.php\/wp-json\/wp\/v2\/comments?post=525"}],"version-history":[{"count":25,"href":"https:\/\/businesspodcastsummit.com\/index.php\/wp-json\/wp\/v2\/pages\/525\/revisions"}],"predecessor-version":[{"id":754,"href":"https:\/\/businesspodcastsummit.com\/index.php\/wp-json\/wp\/v2\/pages\/525\/revisions\/754"}],"wp:attachment":[{"href":"https:\/\/businesspodcastsummit.com\/index.php\/wp-json\/wp\/v2\/media?parent=525"}],"curies":[{"name":"wp","href":"https:\/\/api.w.org\/{rel}","templated":true}]}}