{"id":527,"date":"2025-02-04T21:44:48","date_gmt":"2025-02-04T21:44:48","guid":{"rendered":"https:\/\/businesspodcastsummit.com\/?page_id=527"},"modified":"2025-02-04T21:44:48","modified_gmt":"2025-02-04T21:44:48","slug":"a-minha-conta","status":"publish","type":"page","link":"https:\/\/businesspodcastsummit.com\/index.php\/a-minha-conta\/","title":{"rendered":"A minha conta"},"content":{"rendered":"<div class=\"wp-block-group is-layout-constrained wp-container-core-group-is-layout-c9115f92 wp-block-group-is-layout-constrained\" style=\"padding-right:var(--wp--preset--spacing--20);padding-left:var(--wp--preset--spacing--20)\"><h2 class=\"wp-block-heading\">1 column layout<\/h2>\n\n<p>Um layout de uma coluna \u00e9 \u00f3ptimo para conte\u00fados simples e concisos, como an\u00fancios ou newsletters com informa\u00e7\u00f5es breves. Arraste blocos para adicionar conte\u00fado e personalize os seus estilos a partir do painel de estilos no canto superior direito.<\/p>\n\n\n\n<div class=\"wp-block-buttons is-layout-flex wp-block-buttons-is-layout-flex\"><div class=\"wp-block-button\"><a class=\"wp-block-button__link wp-element-button\">Adicionar texto do bot\u00e3o<\/a><\/div><\/div><\/div>","protected":false},"excerpt":{"rendered":"<p>1 column layout Um layout de uma coluna \u00e9 \u00f3ptimo para conte\u00fados simples e concisos, como an\u00fancios ou newsletters com informa\u00e7\u00f5es breves. Arraste blocos para adicionar conte\u00fado e personalize os seus estilos a partir do painel de estilos no canto superior direito.<\/p>\n","protected":false},"author":4,"featured_media":0,"parent":0,"menu_order":0,"comment_status":"closed","ping_status":"closed","template":"","meta":{"footnotes":""},"class_list":["post-527","page","type-page","status-publish","hentry"],"_links":{"self":[{"href":"https:\/\/businesspodcastsummit.com\/index.php\/wp-json\/wp\/v2\/pages\/527","targetHints":{"allow":["GET"]}}],"collection":[{"href":"https:\/\/businesspodcastsummit.com\/index.php\/wp-json\/wp\/v2\/pages"}],"about":[{"href":"https:\/\/businesspodcastsummit.com\/index.php\/wp-json\/wp\/v2\/types\/page"}],"author":[{"embeddable":true,"href":"https:\/\/businesspodcastsummit.com\/index.php\/wp-json\/wp\/v2\/users\/4"}],"replies":[{"embeddable":true,"href":"https:\/\/businesspodcastsummit.com\/index.php\/wp-json\/wp\/v2\/comments?post=527"}],"version-history":[{"count":1,"href":"https:\/\/businesspodcastsummit.com\/index.php\/wp-json\/wp\/v2\/pages\/527\/revisions"}],"predecessor-version":[{"id":528,"href":"https:\/\/businesspodcastsummit.com\/index.php\/wp-json\/wp\/v2\/pages\/527\/revisions\/528"}],"wp:attachment":[{"href":"https:\/\/businesspodcastsummit.com\/index.php\/wp-json\/wp\/v2\/media?parent=527"}],"curies":[{"name":"wp","href":"https:\/\/api.w.org\/{rel}","templated":true}]}}