{"id":1545,"date":"2025-04-01T19:47:35","date_gmt":"2025-04-01T19:47:35","guid":{"rendered":"https:\/\/businesspodcastsummit.com\/?post_type=product&#038;p=1545"},"modified":"2025-04-01T19:47:36","modified_gmt":"2025-04-01T19:47:36","slug":"growcast-6x","status":"publish","type":"product","link":"https:\/\/businesspodcastsummit.com\/index.php\/produto\/growcast-6x\/","title":{"rendered":"Growcast 6x"},"content":{"rendered":"<p>Leva o teu podcast e o teu neg\u00f3cio ao pr\u00f3ximo n\u00edvel com o Growcast<br \/>\nPagamento 6x<\/p>\n","protected":false},"excerpt":{"rendered":"<p>Leva o teu podcast e o teu neg\u00f3cio ao pr\u00f3ximo n\u00edvel com o Growcast Pagamento 6x<\/p>\n","protected":false},"featured_media":1544,"template":"","meta":[],"product_brand":[],"product_cat":[18],"product_tag":[],"class_list":{"0":"post-1545","1":"product","2":"type-product","3":"status-publish","4":"has-post-thumbnail","6":"product_cat-sem-categoria","8":"first","9":"instock","10":"taxable","11":"shipping-taxable","12":"purchasable","13":"product-type-simple"},"_links":{"self":[{"href":"https:\/\/businesspodcastsummit.com\/index.php\/wp-json\/wp\/v2\/product\/1545","targetHints":{"allow":["GET"]}}],"collection":[{"href":"https:\/\/businesspodcastsummit.com\/index.php\/wp-json\/wp\/v2\/product"}],"about":[{"href":"https:\/\/businesspodcastsummit.com\/index.php\/wp-json\/wp\/v2\/types\/product"}],"wp:featuredmedia":[{"embeddable":true,"href":"https:\/\/businesspodcastsummit.com\/index.php\/wp-json\/wp\/v2\/media\/1544"}],"wp:attachment":[{"href":"https:\/\/businesspodcastsummit.com\/index.php\/wp-json\/wp\/v2\/media?parent=1545"}],"wp:term":[{"taxonomy":"product_brand","embeddable":true,"href":"https:\/\/businesspodcastsummit.com\/index.php\/wp-json\/wp\/v2\/product_brand?post=1545"},{"taxonomy":"product_cat","embeddable":true,"href":"https:\/\/businesspodcastsummit.com\/index.php\/wp-json\/wp\/v2\/product_cat?post=1545"},{"taxonomy":"product_tag","embeddable":true,"href":"https:\/\/businesspodcastsummit.com\/index.php\/wp-json\/wp\/v2\/product_tag?post=1545"}],"curies":[{"name":"wp","href":"https:\/\/api.w.org\/{rel}","templated":true}]}}